{"id":4105,"date":"2024-12-18T13:59:24","date_gmt":"2024-12-18T12:59:24","guid":{"rendered":"https:\/\/belvarosiorvosicentrum.hu\/?page_id=4105"},"modified":"2025-02-11T11:02:59","modified_gmt":"2025-02-11T10:02:59","slug":"egeszsegpenztarak","status":"publish","type":"page","link":"https:\/\/belvarosiorvosicentrum.hu\/en\/egeszsegpenztarak\/","title":{"rendered":"Eg\u00e9szs\u00e9gp\u00e9nzt\u00e1rak"},"content":{"rendered":"\n<figure class=\"wp-block-gallery has-nested-images columns-4 wp-block-gallery-1 is-layout-flex wp-block-gallery-is-layout-flex\">\n<figure class=\"wp-block-image size-full\"><img loading=\"lazy\" decoding=\"async\" width=\"179\" height=\"74\" data-id=\"4076\" src=\"https:\/\/belvarosiorvosicentrum.hu\/wp-content\/uploads\/2025\/02\/image-2.jpeg\" alt=\"\" class=\"wp-image-4076\"\/><\/figure>\n\n\n\n<figure class=\"wp-block-image size-large\"><img loading=\"lazy\" decoding=\"async\" width=\"100\" height=\"100\" data-id=\"4078\" src=\"https:\/\/belvarosiorvosicentrum.hu\/wp-content\/uploads\/2025\/02\/image.png\" alt=\"\" class=\"wp-image-4078\"\/><\/figure>\n\n\n\n<figure class=\"wp-block-image size-full\"><img loading=\"lazy\" decoding=\"async\" width=\"210\" height=\"70\" data-id=\"4080\" src=\"https:\/\/belvarosiorvosicentrum.hu\/wp-content\/uploads\/2025\/02\/image-3.jpeg\" alt=\"\" class=\"wp-image-4080\"\/><\/figure>\n\n\n\n<figure class=\"wp-block-image size-large\"><img loading=\"lazy\" decoding=\"async\" width=\"141\" height=\"62\" data-id=\"4082\" src=\"https:\/\/belvarosiorvosicentrum.hu\/wp-content\/uploads\/2025\/02\/image-4.jpeg\" alt=\"\" class=\"wp-image-4082\"\/><\/figure>\n\n\n\n<figure class=\"wp-block-image size-large\"><img loading=\"lazy\" decoding=\"async\" width=\"135\" height=\"71\" data-id=\"4084\" src=\"https:\/\/belvarosiorvosicentrum.hu\/wp-content\/uploads\/2025\/02\/image-1.png\" alt=\"\" class=\"wp-image-4084\"\/><\/figure>\n\n\n\n<figure class=\"wp-block-image size-full\"><img loading=\"lazy\" decoding=\"async\" width=\"250\" height=\"100\" data-id=\"4086\" src=\"https:\/\/belvarosiorvosicentrum.hu\/wp-content\/uploads\/2025\/02\/image-5.jpeg\" alt=\"\" class=\"wp-image-4086\"\/><\/figure>\n\n\n\n<figure class=\"wp-block-image size-large\"><img loading=\"lazy\" decoding=\"async\" width=\"120\" height=\"120\" data-id=\"4088\" src=\"https:\/\/belvarosiorvosicentrum.hu\/wp-content\/uploads\/2025\/02\/image-6.jpeg\" alt=\"\" class=\"wp-image-4088\"\/><\/figure>\n\n\n\n<figure class=\"wp-block-image size-full\"><img loading=\"lazy\" decoding=\"async\" width=\"172\" height=\"171\" data-id=\"4090\" src=\"https:\/\/belvarosiorvosicentrum.hu\/wp-content\/uploads\/2025\/02\/image-7.jpeg\" alt=\"\" class=\"wp-image-4090\" srcset=\"https:\/\/belvarosiorvosicentrum.hu\/wp-content\/uploads\/2025\/02\/image-7.jpeg 172w, https:\/\/belvarosiorvosicentrum.hu\/wp-content\/uploads\/2025\/02\/image-7-150x150.jpeg 150w\" sizes=\"auto, (max-width: 172px) 100vw, 172px\" \/><\/figure>\n\n\n\n<figure class=\"wp-block-image size-full\"><img loading=\"lazy\" decoding=\"async\" width=\"241\" height=\"118\" data-id=\"4092\" src=\"https:\/\/belvarosiorvosicentrum.hu\/wp-content\/uploads\/2025\/02\/image-8.jpeg\" alt=\"\" class=\"wp-image-4092\"\/><\/figure>\n\n\n\n<figure class=\"wp-block-image size-full\"><img loading=\"lazy\" decoding=\"async\" width=\"181\" height=\"81\" data-id=\"4094\" src=\"https:\/\/belvarosiorvosicentrum.hu\/wp-content\/uploads\/2025\/02\/image-9.jpeg\" alt=\"\" class=\"wp-image-4094\"\/><\/figure>\n\n\n\n<figure class=\"wp-block-image size-full\"><img loading=\"lazy\" decoding=\"async\" width=\"200\" height=\"96\" data-id=\"4096\" src=\"https:\/\/belvarosiorvosicentrum.hu\/wp-content\/uploads\/2025\/02\/image-10.jpeg\" alt=\"\" class=\"wp-image-4096\"\/><\/figure>\n\n\n\n<figure class=\"wp-block-image size-full\"><img loading=\"lazy\" decoding=\"async\" width=\"305\" height=\"64\" data-id=\"4098\" src=\"https:\/\/belvarosiorvosicentrum.hu\/wp-content\/uploads\/2025\/02\/image-2.png\" alt=\"\" class=\"wp-image-4098\" srcset=\"https:\/\/belvarosiorvosicentrum.hu\/wp-content\/uploads\/2025\/02\/image-2.png 305w, https:\/\/belvarosiorvosicentrum.hu\/wp-content\/uploads\/2025\/02\/image-2-300x64.png 300w\" sizes=\"auto, (max-width: 305px) 100vw, 305px\" \/><\/figure>\n<\/figure>\n","protected":false},"excerpt":{"rendered":"","protected":false},"author":1,"featured_media":0,"parent":0,"menu_order":0,"comment_status":"closed","ping_status":"closed","template":"","meta":{"_acf_changed":false,"footnotes":""},"class_list":["post-4105","page","type-page","status-publish","hentry"],"acf":[],"_links":{"self":[{"href":"https:\/\/belvarosiorvosicentrum.hu\/en\/wp-json\/wp\/v2\/pages\/4105","targetHints":{"allow":["GET"]}}],"collection":[{"href":"https:\/\/belvarosiorvosicentrum.hu\/en\/wp-json\/wp\/v2\/pages"}],"about":[{"href":"https:\/\/belvarosiorvosicentrum.hu\/en\/wp-json\/wp\/v2\/types\/page"}],"author":[{"embeddable":true,"href":"https:\/\/belvarosiorvosicentrum.hu\/en\/wp-json\/wp\/v2\/users\/1"}],"replies":[{"embeddable":true,"href":"https:\/\/belvarosiorvosicentrum.hu\/en\/wp-json\/wp\/v2\/comments?post=4105"}],"version-history":[{"count":1,"href":"https:\/\/belvarosiorvosicentrum.hu\/en\/wp-json\/wp\/v2\/pages\/4105\/revisions"}],"predecessor-version":[{"id":4106,"href":"https:\/\/belvarosiorvosicentrum.hu\/en\/wp-json\/wp\/v2\/pages\/4105\/revisions\/4106"}],"wp:attachment":[{"href":"https:\/\/belvarosiorvosicentrum.hu\/en\/wp-json\/wp\/v2\/media?parent=4105"}],"curies":[{"name":"wp","href":"https:\/\/api.w.org\/{rel}","templated":true}]}}