{"id":3855,"date":"2024-09-20T07:20:51","date_gmt":"2024-09-20T05:20:51","guid":{"rendered":"https:\/\/belvarosiorvosicentrum.hu\/?page_id=3855"},"modified":"2025-02-07T06:13:49","modified_gmt":"2025-02-07T05:13:49","slug":"impressum","status":"publish","type":"page","link":"https:\/\/belvarosiorvosicentrum.hu\/en\/impressum\/","title":{"rendered":"Impressum"},"content":{"rendered":"\n<p><strong>Belv\u00e1rosi Orvosi Centrum Kft.<\/strong><br>1053 Budapest, Ferenciek tere 7-8. III. l\u00e9pcs\u0151h\u00e1z 2. emelet<\/p>\n\n\n\n<p><strong>Email:<\/strong>&nbsp;<strong><em><a href=\"mailto:info@boc.hu\" target=\"_blank\" rel=\"noreferrer noopener\">info@boc.hu<\/a><br><br>Telefonsz\u00e1m:<\/em><\/strong><br>+36 30&nbsp;870-74-27<br>+36 30&nbsp;372-68-32<\/p>\n\n\n\n<p><strong>C\u00e9gjegyz\u00e9ksz\u00e1m:<\/strong>&nbsp;01-09-205861<\/p>\n\n\n\n<p><strong>M\u0171k\u00f6d\u00e9si enged\u00e9lysz\u00e1m:<\/strong>&nbsp;8530\/2015\/1\/13<br><strong>Budapest F\u0151v\u00e1rosi Korm\u00e1nyhivatala<\/strong><br><strong>Bp. V. ker\u00fcleti N\u00e9peg\u00e9szs\u00e9g\u00fcgyi Int\u00e9zet<\/strong><br>1055 Budapest, Kossuth Lajos t\u00e9r 13-15<\/p>\n\n\n\n<p><strong>Ad\u00f3sz\u00e1m:<\/strong>&nbsp;25279869-2-41<\/p>\n\n\n\n<p><strong>Szakmai \u00e9rdek-k\u00e9pviseleti szerv:<\/strong><br>Magyar Orvosi Kamara<\/p>\n\n\n\n<p id=\"szerzo\"><strong>DotRoll Kft.<\/strong><br>1101 Budapest, Expo t\u00e9r 5-7<br>1439 Budapest, PF 663, Magyarorsz\u00e1g<br><br><br>Az oldalon tal\u00e1lhat\u00f3 \u00f6sszes cikk orvosaink lektor\u00e1l\u00e1s\u00e1val, tud\u00e1suk felhaszn\u00e1l\u00e1s\u00e1val \u00edr\u00f3dott.<br>Az oldalon tal\u00e1lhat\u00f3 tartalmak hiteless\u00e9g\u00e9\u00e9rt a Belv\u00e1rosi Orvosi Centrum igazgat\u00f3 f\u0151orvosa,&nbsp;Dr. Tisza T\u00edmea&nbsp;felel.<\/p>\n","protected":false},"excerpt":{"rendered":"","protected":false},"author":1,"featured_media":0,"parent":0,"menu_order":0,"comment_status":"closed","ping_status":"open","template":"","meta":{"_acf_changed":false,"footnotes":""},"class_list":["post-3855","page","type-page","status-publish","hentry"],"acf":[],"_links":{"self":[{"href":"https:\/\/belvarosiorvosicentrum.hu\/en\/wp-json\/wp\/v2\/pages\/3855","targetHints":{"allow":["GET"]}}],"collection":[{"href":"https:\/\/belvarosiorvosicentrum.hu\/en\/wp-json\/wp\/v2\/pages"}],"about":[{"href":"https:\/\/belvarosiorvosicentrum.hu\/en\/wp-json\/wp\/v2\/types\/page"}],"author":[{"embeddable":true,"href":"https:\/\/belvarosiorvosicentrum.hu\/en\/wp-json\/wp\/v2\/users\/1"}],"replies":[{"embeddable":true,"href":"https:\/\/belvarosiorvosicentrum.hu\/en\/wp-json\/wp\/v2\/comments?post=3855"}],"version-history":[{"count":1,"href":"https:\/\/belvarosiorvosicentrum.hu\/en\/wp-json\/wp\/v2\/pages\/3855\/revisions"}],"predecessor-version":[{"id":3856,"href":"https:\/\/belvarosiorvosicentrum.hu\/en\/wp-json\/wp\/v2\/pages\/3855\/revisions\/3856"}],"wp:attachment":[{"href":"https:\/\/belvarosiorvosicentrum.hu\/en\/wp-json\/wp\/v2\/media?parent=3855"}],"curies":[{"name":"wp","href":"https:\/\/api.w.org\/{rel}","templated":true}]}}