{"id":3851,"date":"2024-10-04T14:00:24","date_gmt":"2024-10-04T12:00:24","guid":{"rendered":"https:\/\/belvarosiorvosicentrum.hu\/?page_id=3851"},"modified":"2025-02-07T06:03:44","modified_gmt":"2025-02-07T05:03:44","slug":"contacts","status":"publish","type":"page","link":"https:\/\/belvarosiorvosicentrum.hu\/en\/contacts\/","title":{"rendered":"Contacts"},"content":{"rendered":"\n<div class=\"wp-block-columns is-layout-flex wp-container-core-columns-is-layout-9d6595d7 wp-block-columns-is-layout-flex\">\n<div class=\"wp-block-column is-layout-flow wp-block-column-is-layout-flow\">\n<p><strong>Belv\u00e1rosi Orvosi Centrum Kft.<\/strong><\/p>\n\n\n\n<p><strong>Our Address<\/strong>:\u00a0Ferenciek tere 7-8. III. Stairway, 2nd Floor.<\/p>\n\n\n\n<p><a href=\"http:\/\/belvarosiorvosicentrum.hu\/parkolas\/\" data-type=\"page\" data-id=\"1773\">Free parking<\/a><\/p>\n<\/div>\n\n\n\n<div class=\"wp-block-column is-layout-flow wp-block-column-is-layout-flow\">\n<p><strong>Our telephone numbers:<\/strong><\/p>\n\n\n\n<p><a href=\"tel:+36308707427\">+36 30 870-74-27<br><\/a><a href=\"tel:36303726832\">+36 30 372-68-32<\/a><\/p>\n\n\n\n<p><strong>Email:<\/strong><\/p>\n\n\n\n<p><a href=\"mailto:info@boc.hu\">info@boc.hu<\/a><\/p>\n<\/div>\n<\/div>\n\n\n\n<p><strong>We proudly announce, that we are open on Saturdays, too. For further informations, please call our call center!<\/strong><\/p>\n\n\n\n<h3 class=\"wp-block-heading\">Booking option online:<\/h3>\n\n\n\n<p><a href=\"https:\/\/idopontfoglalas.belvarosiorvosicentrum.hu\/index\">Id\u0151pontfoglal\u00e1si fel\u00fclet\u00fcnk\u00f6n<\/a> kereszt\u00fcl a&nbsp;<strong>nap b\u00e1rmely szak\u00e1ban<\/strong>&nbsp;elk\u00fcldheti bejelentkez\u00e9si sz\u00e1nd\u00e9k\u00e1t.&nbsp;<\/p>\n\n\n\n<ul class=\"wp-block-list\">\n<li>amennyiben tan\u00e1cstalan, hogy probl\u00e9m\u00e1j\u00e1val mely szakrendel\u00e9sre k\u00e9rjen id\u0151pontot, ebben is seg\u00edts\u00e9get ny\u00fajtunk telefonon vagy az <a href=\"mailto:info@boc.hu\">info@boc.hu<\/a>-s e-maile c\u00edmen.&nbsp;<\/li>\n<\/ul>\n\n\n\n<p><strong>K\u00e9rj\u00fck, hogy 72 \u00f3r\u00e1val kor\u00e1bban jelezze, amennyiben a megbesz\u00e9lt id\u0151pontban valamilyen okb\u00f3l nem tud megjelenni, hogy a megbesz\u00e9lt id\u0151pontot m\u00e1snak \u00e1t tudjuk adni.<br>Id\u0151pont lemond\u00e1s\u00e1t telefonon, vagy e-mailben tudjuk elfogadni.<\/strong><\/p>\n\n\n\n<h3 class=\"wp-block-heading\">View the parking demonstration movie!<\/h3>\n\n\n\n<figure class=\"wp-block-embed is-type-video is-provider-youtube wp-block-embed-youtube wp-embed-aspect-16-9 wp-has-aspect-ratio\"><div class=\"wp-block-embed__wrapper\">\n<iframe loading=\"lazy\" title=\"Re\u00e1ltanoda Parkol\u00f3h\u00e1z\" width=\"640\" height=\"360\" src=\"https:\/\/www.youtube.com\/embed\/I1TfEqgVMFs?feature=oembed\" frameborder=\"0\" allow=\"accelerometer; autoplay; clipboard-write; encrypted-media; gyroscope; picture-in-picture; web-share\" referrerpolicy=\"strict-origin-when-cross-origin\" allowfullscreen><\/iframe>\n<\/div><\/figure>\n","protected":false},"excerpt":{"rendered":"","protected":false},"author":1,"featured_media":0,"parent":0,"menu_order":0,"comment_status":"closed","ping_status":"closed","template":"page-templates\/right-sidebarpage.php","meta":{"_acf_changed":false,"footnotes":""},"class_list":["post-3851","page","type-page","status-publish","hentry"],"acf":[],"_links":{"self":[{"href":"https:\/\/belvarosiorvosicentrum.hu\/en\/wp-json\/wp\/v2\/pages\/3851","targetHints":{"allow":["GET"]}}],"collection":[{"href":"https:\/\/belvarosiorvosicentrum.hu\/en\/wp-json\/wp\/v2\/pages"}],"about":[{"href":"https:\/\/belvarosiorvosicentrum.hu\/en\/wp-json\/wp\/v2\/types\/page"}],"author":[{"embeddable":true,"href":"https:\/\/belvarosiorvosicentrum.hu\/en\/wp-json\/wp\/v2\/users\/1"}],"replies":[{"embeddable":true,"href":"https:\/\/belvarosiorvosicentrum.hu\/en\/wp-json\/wp\/v2\/comments?post=3851"}],"version-history":[{"count":1,"href":"https:\/\/belvarosiorvosicentrum.hu\/en\/wp-json\/wp\/v2\/pages\/3851\/revisions"}],"predecessor-version":[{"id":3852,"href":"https:\/\/belvarosiorvosicentrum.hu\/en\/wp-json\/wp\/v2\/pages\/3851\/revisions\/3852"}],"wp:attachment":[{"href":"https:\/\/belvarosiorvosicentrum.hu\/en\/wp-json\/wp\/v2\/media?parent=3851"}],"curies":[{"name":"wp","href":"https:\/\/api.w.org\/{rel}","templated":true}]}}